{"id":3230,"date":"2026-02-20T22:25:02","date_gmt":"2026-02-20T22:25:02","guid":{"rendered":"https:\/\/mychampion.cz\/product\/hockey-jersey-keychain\/"},"modified":"2026-02-20T22:25:02","modified_gmt":"2026-02-20T22:25:02","slug":"hockey-jersey-keychain","status":"publish","type":"product","link":"https:\/\/mychampion.cz\/en\/product\/hockey-jersey-keychain\/","title":{"rendered":"Hockey Jersey Keychain"},"content":{"rendered":"<p data-path-to-node=\"10\">Our personalized hockey jersey keychain isn&#8217;t just an accessory\u2014it&#8217;s a symbol of your athletic achievements. We use high-precision laser engraving to create a unique gift that will always remind you of your favorite game.<\/p>\n<p data-path-to-node=\"11\"><b data-path-to-node=\"11\" data-index-in-node=\"0\">Benefits:<\/b><\/p>\n<ul data-path-to-node=\"12\">\n<li>\n<p data-path-to-node=\"12,0,0\"><b data-path-to-node=\"12,0,0\" data-index-in-node=\"0\">Premium material:<\/b> We use only certified German acrylic. It&#8217;s completely safe for children, odorless, and highly durable.<\/p>\n<\/li>\n<li>\n<p data-path-to-node=\"12,1,0\"><b data-path-to-node=\"12,1,0\" data-index-in-node=\"0\">European quality:<\/b> Full support for Czech characters (\u0159, \u017e, \u0161, etc.)\u2014we&#8217;ll preserve the correct spelling of any name.<\/p>\n<\/li>\n<li>\n<p data-path-to-node=\"12,2,0\"><b data-path-to-node=\"12,2,0\" data-index-in-node=\"0\">Durability:<\/b> The engraving won&#8217;t fade over time, unlike paint. The keychain is water-resistant and can handle active use on your sports bag.<\/p>\n<\/li>\n<\/ul>\n<p data-path-to-node=\"13\"><b data-path-to-node=\"13\" data-index-in-node=\"0\">Important when ordering:<\/b> For best readability and aesthetic appearance, we recommend using <b data-path-to-node=\"13\" data-index-in-node=\"107\">up to 6 characters<\/b> in the name. If the name is longer, we&#8217;ll select the optimal font size to make it look neat.<\/p>\n","protected":false},"excerpt":{"rendered":"<p>Our personalized hockey jersey keychain isn&#8217;t just an accessory\u2014it&#8217;s a symbol of your athletic achievements. We use high-precision laser engraving to create a unique gift that will always remind you of your favorite game. Benefits: Premium material: We use only certified German acrylic. It&#8217;s completely safe for children, odorless, and highly durable. European quality: Full [&hellip;]<\/p>\n","protected":false},"featured_media":0,"template":"","meta":{"site-sidebar-layout":"default","site-content-layout":"","ast-site-content-layout":"default","site-content-style":"default","site-sidebar-style":"default","ast-global-header-display":"","ast-banner-title-visibility":"","ast-main-header-display":"","ast-hfb-above-header-display":"","ast-hfb-below-header-display":"","ast-hfb-mobile-header-display":"","site-post-title":"","ast-breadcrumbs-content":"","ast-featured-img":"","footer-sml-layout":"","ast-disable-related-posts":"","theme-transparent-header-meta":"default","adv-header-id-meta":"","stick-header-meta":"","header-above-stick-meta":"","header-main-stick-meta":"","header-below-stick-meta":"","astra-migrate-meta-layouts":"default","ast-page-background-enabled":"default","ast-page-background-meta":{"desktop":{"background-color":"var(--ast-global-color-4)","background-image":"","background-repeat":"repeat","background-position":"center center","background-size":"auto","background-attachment":"scroll","background-type":"","background-media":"","overlay-type":"","overlay-color":"","overlay-opacity":"","overlay-gradient":""},"tablet":{"background-color":"","background-image":"","background-repeat":"repeat","background-position":"center center","background-size":"auto","background-attachment":"scroll","background-type":"","background-media":"","overlay-type":"","overlay-color":"","overlay-opacity":"","overlay-gradient":""},"mobile":{"background-color":"","background-image":"","background-repeat":"repeat","background-position":"center center","background-size":"auto","background-attachment":"scroll","background-type":"","background-media":"","overlay-type":"","overlay-color":"","overlay-opacity":"","overlay-gradient":""}},"ast-content-background-meta":{"desktop":{"background-color":"var(--ast-global-color-5)","background-image":"","background-repeat":"repeat","background-position":"center center","background-size":"auto","background-attachment":"scroll","background-type":"","background-media":"","overlay-type":"","overlay-color":"","overlay-opacity":"","overlay-gradient":""},"tablet":{"background-color":"var(--ast-global-color-5)","background-image":"","background-repeat":"repeat","background-position":"center center","background-size":"auto","background-attachment":"scroll","background-type":"","background-media":"","overlay-type":"","overlay-color":"","overlay-opacity":"","overlay-gradient":""},"mobile":{"background-color":"var(--ast-global-color-5)","background-image":"","background-repeat":"repeat","background-position":"center center","background-size":"auto","background-attachment":"scroll","background-type":"","background-media":"","overlay-type":"","overlay-color":"","overlay-opacity":"","overlay-gradient":""}}},"product_brand":[],"product_cat":[42],"product_tag":[],"class_list":{"0":"post-3230","1":"product","2":"type-product","3":"status-publish","5":"product_cat-keychains","6":"desktop-align-left","7":"tablet-align-left","8":"mobile-align-left","10":"first","11":"instock","12":"taxable","13":"shipping-taxable","14":"purchasable","15":"product-type-simple"},"_links":{"self":[{"href":"https:\/\/mychampion.cz\/en\/wp-json\/wp\/v2\/product\/3230","targetHints":{"allow":["GET"]}}],"collection":[{"href":"https:\/\/mychampion.cz\/en\/wp-json\/wp\/v2\/product"}],"about":[{"href":"https:\/\/mychampion.cz\/en\/wp-json\/wp\/v2\/types\/product"}],"wp:attachment":[{"href":"https:\/\/mychampion.cz\/en\/wp-json\/wp\/v2\/media?parent=3230"}],"wp:term":[{"taxonomy":"product_brand","embeddable":true,"href":"https:\/\/mychampion.cz\/en\/wp-json\/wp\/v2\/product_brand?post=3230"},{"taxonomy":"product_cat","embeddable":true,"href":"https:\/\/mychampion.cz\/en\/wp-json\/wp\/v2\/product_cat?post=3230"},{"taxonomy":"product_tag","embeddable":true,"href":"https:\/\/mychampion.cz\/en\/wp-json\/wp\/v2\/product_tag?post=3230"}],"curies":[{"name":"wp","href":"https:\/\/api.w.org\/{rel}","templated":true}]}}